{"id":277,"date":"2024-07-22T21:59:14","date_gmt":"2024-07-22T19:59:14","guid":{"rendered":"https:\/\/afdib.fr\/?page_id=277"},"modified":"2024-09-24T14:04:56","modified_gmt":"2024-09-24T12:04:56","slug":"mentions-legales","status":"publish","type":"page","link":"https:\/\/afdib.fr\/en\/mentions-legales\/","title":{"rendered":"Legal information"},"content":{"rendered":"<div data-elementor-type=\"wp-page\" data-elementor-id=\"277\" class=\"elementor elementor-277\">\n\t\t\t\t\t\t<section class=\"elementor-section elementor-top-section elementor-element elementor-element-71b46cb7 elementor-section-boxed elementor-section-height-default elementor-section-height-default\" data-id=\"71b46cb7\" data-element_type=\"section\" data-e-type=\"section\" id=\"top\" data-settings=\"{&quot;background_background&quot;:&quot;classic&quot;}\">\n\t\t\t\t\t\t<div class=\"elementor-container elementor-column-gap-default\">\n\t\t\t\t\t<div class=\"elementor-column elementor-col-100 elementor-top-column elementor-element elementor-element-52c4b3ad\" data-id=\"52c4b3ad\" data-element_type=\"column\" data-e-type=\"column\">\n\t\t\t<div class=\"elementor-widget-wrap elementor-element-populated\">\n\t\t\t\t\t\t<div class=\"elementor-element elementor-element-77e2008 elementor-widget elementor-widget-heading\" data-id=\"77e2008\" data-element_type=\"widget\" data-e-type=\"widget\" data-widget_type=\"heading.default\">\n\t\t\t\t<div class=\"elementor-widget-container\">\n\t\t\t\t\t<h2 class=\"elementor-heading-title elementor-size-default\">Legal information<\/h2>\t\t\t\t<\/div>\n\t\t\t\t<\/div>\n\t\t\t\t\t<\/div>\n\t\t<\/div>\n\t\t\t\t\t<\/div>\n\t\t<\/section>\n\t\t\t\t<section class=\"elementor-section elementor-top-section elementor-element elementor-element-7acf2530 elementor-section-boxed elementor-section-height-default elementor-section-height-default\" data-id=\"7acf2530\" data-element_type=\"section\" data-e-type=\"section\">\n\t\t\t\t\t\t<div class=\"elementor-container elementor-column-gap-default\">\n\t\t\t\t\t<div class=\"elementor-column elementor-col-100 elementor-top-column elementor-element elementor-element-4b07d0b7\" data-id=\"4b07d0b7\" data-element_type=\"column\" data-e-type=\"column\">\n\t\t\t<div class=\"elementor-widget-wrap elementor-element-populated\">\n\t\t\t\t\t\t<div class=\"elementor-element elementor-element-0248f1c elementor-hidden-desktop elementor-widget elementor-widget-spacer\" data-id=\"0248f1c\" data-element_type=\"widget\" data-e-type=\"widget\" data-widget_type=\"spacer.default\">\n\t\t\t\t<div class=\"elementor-widget-container\">\n\t\t\t\t\t\t\t<div class=\"elementor-spacer\">\n\t\t\t<div class=\"elementor-spacer-inner\"><\/div>\n\t\t<\/div>\n\t\t\t\t\t\t<\/div>\n\t\t\t\t<\/div>\n\t\t\t\t<div class=\"elementor-element elementor-element-1bbac1fd elementor-widget elementor-widget-text-editor\" data-id=\"1bbac1fd\" data-element_type=\"widget\" data-e-type=\"widget\" data-widget_type=\"text-editor.default\">\n\t\t\t\t<div class=\"elementor-widget-container\">\n\t\t\t\t\t\t\t\t\t<p style=\"text-align: justify;\" class=\"translation-block\"><b style=\"color: black\">The www.afdib.fr website is published by the association under the law of 1901, whose registered office is at 5 all\u00e9e des Pierres Mayettes \u2013 Genevilliers \u2013 92636.<\/b><\/p>\n<p style=\"text-align: justify;\"><span style=\"color: #000000;\">&nbsp;<\/span><\/p>\n<p style=\"text-align: justify;\"><span style=\"color: #000000;\"><b>PUBLISHER :&nbsp;<\/b><\/span><span style=\"color: rgb(0, 0, 0);\"><b>AFDIB - French Association of the Battery Industry<\/b><\/span><\/p>\n<p style=\"text-align: justify;\"><span style=\"color: #000000;\">Publication manager: Serge Arbes<\/span><\/p>\n<p style=\"text-align: justify;\"><span style=\"color: rgb(0, 0, 0);\">Legal form :<\/span><font color=\"#000000\">&nbsp;Association law 1901 - Registration number W922020139<\/font><\/p>\n<p style=\"text-align: justify;\"><span style=\"color: rgb(0, 0, 0);\">Head office:&nbsp;<\/span><font color=\"#000000\">5 all\u00e9e des Pierres Mayettes &#8211; Genevilliers &#8211;&nbsp;<\/font><span style=\"color: rgb(0, 0, 0);\">92636<\/span><span style=\"color: rgb(0, 0, 0);\">.<\/span><br><\/p>\n<p style=\"text-align: justify;\"><span style=\"color: rgb(0, 0, 0);\">&nbsp;<\/span><br><\/p>\n<p style=\"text-align: justify;\"><span style=\"color: #000000;\"><b>AFDIC CONTACT:<\/b><\/span><\/p>\n<p style=\"text-align: justify;\"><span style=\"color: #000000;\">Contact email: contact@afdib.fr<\/span><\/p>\n<p style=\"text-align: justify;\"><font color=\"#000000\">Address: 5 all\u00e9e des Pierres Mayettes - Genevilliers - France&nbsp;<\/font><span style=\"color: rgb(0, 0, 0);\">92636<\/span><br><\/p>\n<p style=\"text-align: justify;\"><span style=\"color: rgb(0, 0, 0);\"><br><\/span><\/p>\n<p style=\"text-align: justify;\"><b style=\"color: rgb(0, 0, 0);\">WEBSITE HOST :<\/b><br><\/p>\n<p style=\"text-align: justify;\"><span style=\"color: #000000;\">O2SWITCH<\/span><\/p>\n<p style=\"text-align: justify;\"><span style=\"color: #000000;\">222-224 Boulevard Gustave Flaubert<\/span><\/p>\n<p style=\"text-align: justify;\"><span style=\"color: #000000;\">63000 Clermont-Ferrand<\/span><\/p>\n<p style=\"text-align: justify;\"><span style=\"color: #000000;\">SARL o2switch with a capital of 7500\u20ac.<\/span><\/p>\n<p style=\"text-align: justify;\"><span style=\"color: #000000;\">RCS : Clermont-Ferrand \u2013 SIRET : 510 909 80700016 \u2013 TVA : FR35510909807<\/span><\/p>\n<p style=\"text-align: justify;\"><span style=\"color: #000000;\">The o2switch brand is registered with INPI under number 09 3 645 729.<\/span><\/p>\n<p style=\"text-align: justify;\"><span style=\"color: #000000;\">http:\/\/www.o2switch.fr\/<\/span><\/p>\n<p style=\"text-align: justify;\"><span style=\"color: #000000;\">&nbsp;<\/span><\/p>\n<p style=\"text-align: justify;\"><span style=\"color: #000000;\"><b>PERSONAL DATA :<\/b><\/span><\/p>\n<p style=\"text-align: justify;\"><span style=\"color: #000000;\">We take great care to protect the personal data you send us. We invite you to consult our&nbsp;<b>Privacy policy<\/b> in the footer.<\/span><\/p>\n<p style=\"text-align: justify;\"><span style=\"color: #000000;\">&nbsp;<\/span><\/p>\n<p style=\"text-align: justify;\"><span style=\"color: #000000;\"><b>AFDIB PROPERTY RIGHTS :&nbsp;<\/b><\/span><\/p>\n<p style=\"text-align: justify;\"><span style=\"color: #000000;\">The whole of this site is subject to international legislation on copyright, trademark law and, in general, on intellectual property, both as regards its form (choice, layout, arrangement of materials, means of access to data, database or any organisation of data, etc.) and as regards each of the elements of its content (trademarks, text, images, video, etc.).<\/span><\/p>\n<p style=\"text-align: justify;\"><span style=\"color: #000000;\">This content, which appears on the pages of this site, is the exclusive property of the AFDIB association and its contributors, who grant no licence or right other than that of consulting the site. Reproduction of any content published on the site is authorised solely for the purposes of information for personal and private use. Any reproduction, extraction or use of content for any other purpose is expressly prohibited. As an exception, certain content (text, images) is the property of its respective authors.<\/span><\/p>\n<p style=\"text-align: justify;\"><span style=\"color: #000000;\">Any reproduction, representation, distribution or redistribution, in whole or in part, of the content of this site on any medium or by any process whatsoever (in particular by means of catching or framing), as well as any sale, resale, retransmission or making available to third parties in any way whatsoever, is prohibited. Failure to comply with this prohibition constitutes an infringement liable to incur the civil and criminal liability of its author.<\/span><\/p>\t\t\t\t\t\t\t\t<\/div>\n\t\t\t\t<\/div>\n\t\t\t\t\t<\/div>\n\t\t<\/div>\n\t\t\t\t\t<\/div>\n\t\t<\/section>\n\t\t\t\t<\/div>","protected":false},"excerpt":{"rendered":"<p>Mentions L\u00e9gales Le site www.afdib.fr est \u00e9dit\u00e9 par l&rsquo;association loi 1901, ayant son si\u00e8ge social au&nbsp;5 all\u00e9e des Pierres Mayettes &#8211; Genevilliers &#8211;&nbsp;92636. &nbsp; \u00c9DITEUR :&nbsp;AFDIB &#8211; Association Fran\u00e7aise de l\u2019Industrie de la Batterie Directeur de la publication : Serge Arbes Forme juridique :&nbsp;Association loi 1901 &#8211; N\u00b0 d\u2019enregistrement W922020139 Si\u00e8ge :&nbsp;5 all\u00e9e des Pierres [&hellip;]<\/p>\n","protected":false},"author":1,"featured_media":0,"parent":0,"menu_order":0,"comment_status":"closed","ping_status":"closed","template":"elementor_header_footer","meta":{"saved_in_kubio":false,"_seopress_robots_primary_cat":"","_seopress_titles_title":"","_seopress_titles_desc":"","_seopress_robots_index":"yes","iawp_total_views":46,"footnotes":""},"class_list":["post-277","page","type-page","status-publish","hentry"],"kubio_ai_page_context":{"short_desc":"","purpose":"general"},"_links":{"self":[{"href":"https:\/\/afdib.fr\/en\/wp-json\/wp\/v2\/pages\/277","targetHints":{"allow":["GET"]}}],"collection":[{"href":"https:\/\/afdib.fr\/en\/wp-json\/wp\/v2\/pages"}],"about":[{"href":"https:\/\/afdib.fr\/en\/wp-json\/wp\/v2\/types\/page"}],"author":[{"embeddable":true,"href":"https:\/\/afdib.fr\/en\/wp-json\/wp\/v2\/users\/1"}],"replies":[{"embeddable":true,"href":"https:\/\/afdib.fr\/en\/wp-json\/wp\/v2\/comments?post=277"}],"version-history":[{"count":13,"href":"https:\/\/afdib.fr\/en\/wp-json\/wp\/v2\/pages\/277\/revisions"}],"predecessor-version":[{"id":446,"href":"https:\/\/afdib.fr\/en\/wp-json\/wp\/v2\/pages\/277\/revisions\/446"}],"wp:attachment":[{"href":"https:\/\/afdib.fr\/en\/wp-json\/wp\/v2\/media?parent=277"}],"curies":[{"name":"wp","href":"https:\/\/api.w.org\/{rel}","templated":true}]}}